{"id":501,"date":"2024-07-10T17:46:26","date_gmt":"2024-07-10T20:46:26","guid":{"rendered":"https:\/\/www.ciocyt.cure.edu.uy\/?page_id=501"},"modified":"2025-01-31T11:56:44","modified_gmt":"2025-01-31T14:56:44","slug":"trayectoria-licenciatura-en-gestion-ambiental","status":"publish","type":"page","link":"https:\/\/www.ciocyt.cure.edu.uy\/?page_id=501","title":{"rendered":"Trayectoria Licenciatura en Gesti\u00f3n Ambiental"},"content":{"rendered":"\n<p>Aprobando un total aproximado de <strong>90 cr\u00e9ditos<\/strong> en asignaturas ofrecidas para el primer y segundo semestre del CIO CyT, podr\u00e1n ingresar directamente al segundo a\u00f1o de la Licenciatura en Gesti\u00f3n Ambiental (LGA).<\/p>\n\n\n\n<p>Las asignaturas sugeridas para la continuaci\u00f3n de estudios en la LGA se indica en la siguiente tabla (puede variar a\u00f1o a a\u00f1o dependiendo de la oferta de cursos).<\/p>\n\n\n\n<figure class=\"wp-block-table is-style-regular\"><table><tbody><tr><td><strong><mark style=\"background-color:rgba(0, 0, 0, 0)\" class=\"has-inline-color has-accent-color\">Primer semestre<\/mark><\/strong><\/td><td class=\"has-text-align-center\" data-align=\"center\"><\/td><\/tr><tr><td><sub><mark style=\"background-color:rgba(0, 0, 0, 0)\" class=\"has-inline-color has-accent-color\">Unidades curriculares<\/mark><\/sub><\/td><td class=\"has-text-align-center\" data-align=\"center\"><sub><mark style=\"background-color:rgba(0, 0, 0, 0)\" class=\"has-inline-color has-accent-color\">Cr<\/mark><\/sub><\/td><\/tr><tr><td>Antropolog\u00eda, ambiente y desarrollo<\/td><td class=\"has-text-align-center\" data-align=\"center\">8<\/td><\/tr><tr><td>C\u00e1lculo 1B (TAC)<\/td><td class=\"has-text-align-center\" data-align=\"center\">5<\/td><\/tr><tr><td>C\u00e1lculo diferencial e integral en un variable<\/td><td class=\"has-text-align-center\" data-align=\"center\">12<\/td><\/tr><tr><td>Epistemolog\u00eda<\/td><td class=\"has-text-align-center\" data-align=\"center\">8<\/td><\/tr><tr><td>F\u00edsica I<\/td><td class=\"has-text-align-center\" data-align=\"center\">14<\/td><\/tr><tr><td>Geolog\u00eda y geomorfolog\u00eda<\/td><td class=\"has-text-align-center\" data-align=\"center\">6<\/td><\/tr><tr><td>Geolog\u00eda b\u00e1sica 1<\/td><td class=\"has-text-align-center\" data-align=\"center\">12<\/td><\/tr><tr><td>Geometr\u00eda y \u00c1lgebra lineal 1<\/td><td class=\"has-text-align-center\" data-align=\"center\">9<\/td><\/tr><tr><td>Gesti\u00f3n de cuencas<\/td><td class=\"has-text-align-center\" data-align=\"center\">6<\/td><\/tr><tr><td>Introducci\u00f3n a la Biolog\u00eda<\/td><td class=\"has-text-align-center\" data-align=\"center\">12<\/td><\/tr><tr><td>Introducci\u00f3n a la Gesti\u00f3n Ambiental<\/td><td class=\"has-text-align-center\" data-align=\"center\">4<\/td><\/tr><tr><td>Introducci\u00f3n a la Udelar<\/td><td class=\"has-text-align-center\" data-align=\"center\">4<\/td><\/tr><tr><td>Introducci\u00f3n a los m\u00e9todos matem\u00e1ticos<\/td><td class=\"has-text-align-center\" data-align=\"center\">12<\/td><\/tr><tr><td>Introducci\u00f3n a los Problemas del desarrollo<\/td><td class=\"has-text-align-center\" data-align=\"center\">8<\/td><\/tr><tr><td>Matem\u00e1tica I<\/td><td class=\"has-text-align-center\" data-align=\"center\">11<\/td><\/tr><tr><td>Materiales y sociedad: historia, tecnolog\u00eda y perspectivas<\/td><td class=\"has-text-align-center\" data-align=\"center\">6<\/td><\/tr><tr><td>Metodolog\u00eda de la investigaci\u00f3n en Ciencias Sociales<\/td><td class=\"has-text-align-center\" data-align=\"center\">10<\/td><\/tr><tr><td>Qu\u00edmica I<\/td><td class=\"has-text-align-center\" data-align=\"center\">12<\/td><\/tr><tr><td>Taller Interdisciplinario de t\u00f3picos regionales 1A<\/td><td class=\"has-text-align-center\" data-align=\"center\">12<\/td><\/tr><\/tbody><\/table><\/figure>\n\n\n\n<figure class=\"wp-block-table\"><table><tbody><tr><td><strong><mark style=\"background-color:rgba(0, 0, 0, 0)\" class=\"has-inline-color has-accent-color\">Segundo semestre<\/mark><\/strong><\/td><td class=\"has-text-align-center\" data-align=\"center\"><\/td><\/tr><tr><td><sub><mark style=\"background-color:rgba(0, 0, 0, 0)\" class=\"has-inline-color has-accent-color\"><strong>Unidades curriculare<\/strong>s<\/mark><\/sub><\/td><td class=\"has-text-align-center\" data-align=\"center\"><mark style=\"background-color:rgba(0, 0, 0, 0)\" class=\"has-inline-color has-accent-color\"><sub>Cr<\/sub><\/mark><\/td><\/tr><tr><td>Biolog\u00eda animal<\/td><td class=\"has-text-align-center\" data-align=\"center\">6<\/td><\/tr><tr><td>Biolog\u00eda vegetal: flora y paisaje<\/td><td class=\"has-text-align-center\" data-align=\"center\">8<\/td><\/tr><tr><td>Bot\u00e1nica 1 (Maldonado)<\/td><td class=\"has-text-align-center\" data-align=\"center\">10<\/td><\/tr><tr><td>C\u00e1lculo diferencial e integral en varias variables<\/td><td class=\"has-text-align-center\" data-align=\"center\">12<\/td><\/tr><tr><td>F\u00edsica II<\/td><td class=\"has-text-align-center\" data-align=\"center\">14<\/td><\/tr><tr><td>Geometr\u00eda y \u00c1lgebra lineal II (GAL II)<\/td><td class=\"has-text-align-center\" data-align=\"center\">9<\/td><\/tr><tr><td>Herramientas para el trabajo colectivo<\/td><td class=\"has-text-align-center\" data-align=\"center\">5<\/td><\/tr><tr><td>Introducci\u00f3n a la Contaminaci\u00f3n Ambiental<\/td><td class=\"has-text-align-center\" data-align=\"center\">4<\/td><\/tr><tr><td>Introducci\u00f3n a la Edafolog\u00eda (Rocha y Treinta y Tres)<\/td><td class=\"has-text-align-center\" data-align=\"center\">8<\/td><\/tr><tr><td>Introducci\u00f3n a la Estad\u00edstica (Rocha)<\/td><td class=\"has-text-align-center\" data-align=\"center\">12<\/td><\/tr><tr><td>Limnolog\u00eda<\/td><td class=\"has-text-align-center\" data-align=\"center\">12<\/td><\/tr><tr><td>Matem\u00e1tica discreta<\/td><td class=\"has-text-align-center\" data-align=\"center\">12<\/td><\/tr><tr><td>Matem\u00e1tica inicial<\/td><td class=\"has-text-align-center\" data-align=\"center\">12<\/td><\/tr><tr><td>Metodolog\u00eda de la investigaci\u00f3n en Ciencias Sociales<br>(Rocha y Treinta y Tres)<\/td><td class=\"has-text-align-center\" data-align=\"center\">10<\/td><\/tr><tr><td>Radiaciones, Medio Ambiente y Ser Humano<\/td><td class=\"has-text-align-center\" data-align=\"center\">6<\/td><\/tr><tr><td>Taller Interdisciplinario de t\u00f3picos regionales 1B<\/td><td class=\"has-text-align-center\" data-align=\"center\">12<\/td><\/tr><tr><td>Territorio y cultura<\/td><td class=\"has-text-align-center\" data-align=\"center\">8<\/td><\/tr><tr><td>Qu\u00edmica II<\/td><td class=\"has-text-align-center\" data-align=\"center\">12<\/td><\/tr><\/tbody><\/table><\/figure>\n","protected":false},"excerpt":{"rendered":"<p>Aprobando un total aproximado de 90 cr\u00e9ditos en asignaturas ofrecidas para el primer y segundo semestre del CIO CyT, podr\u00e1n ingresar directamente al segundo a\u00f1o de la Licenciatura en Gesti\u00f3n Ambiental (LGA). Las asignaturas sugeridas para la continuaci\u00f3n de estudios en la LGA se indica en la siguiente tabla (puede variar a\u00f1o a a\u00f1o dependiendo [&hellip;]<\/p>\n","protected":false},"author":1,"featured_media":0,"parent":0,"menu_order":0,"comment_status":"closed","ping_status":"closed","template":"","meta":{"footnotes":""},"class_list":["post-501","page","type-page","status-publish","hentry"],"_links":{"self":[{"href":"https:\/\/www.ciocyt.cure.edu.uy\/index.php?rest_route=\/wp\/v2\/pages\/501","targetHints":{"allow":["GET"]}}],"collection":[{"href":"https:\/\/www.ciocyt.cure.edu.uy\/index.php?rest_route=\/wp\/v2\/pages"}],"about":[{"href":"https:\/\/www.ciocyt.cure.edu.uy\/index.php?rest_route=\/wp\/v2\/types\/page"}],"author":[{"embeddable":true,"href":"https:\/\/www.ciocyt.cure.edu.uy\/index.php?rest_route=\/wp\/v2\/users\/1"}],"replies":[{"embeddable":true,"href":"https:\/\/www.ciocyt.cure.edu.uy\/index.php?rest_route=%2Fwp%2Fv2%2Fcomments&post=501"}],"version-history":[{"count":13,"href":"https:\/\/www.ciocyt.cure.edu.uy\/index.php?rest_route=\/wp\/v2\/pages\/501\/revisions"}],"predecessor-version":[{"id":631,"href":"https:\/\/www.ciocyt.cure.edu.uy\/index.php?rest_route=\/wp\/v2\/pages\/501\/revisions\/631"}],"wp:attachment":[{"href":"https:\/\/www.ciocyt.cure.edu.uy\/index.php?rest_route=%2Fwp%2Fv2%2Fmedia&parent=501"}],"curies":[{"name":"wp","href":"https:\/\/api.w.org\/{rel}","templated":true}]}}