{"id":410,"date":"2024-02-07T13:00:23","date_gmt":"2024-02-07T16:00:23","guid":{"rendered":"https:\/\/www.ciocyt.cure.edu.uy\/?page_id=410"},"modified":"2024-02-08T09:05:51","modified_gmt":"2024-02-08T12:05:51","slug":"mas-sobre-el-cio-psicologia","status":"publish","type":"page","link":"https:\/\/www.ciocyt.cure.edu.uy\/?page_id=410","title":{"rendered":"M\u00e1s sobre la Trayectoria- Psicolog\u00eda"},"content":{"rendered":"\n<ul class=\"wp-block-list\">\n<li>Con 95 o m\u00e1s cr\u00e9ditos aprobados el o la estudiante podr\u00e1 adem\u00e1s revalidar la propuesta de Cooperaci\u00f3n Institucional al realizar el cambio de sede, independientemente de la asignatura aprobada.<\/li>\n\n\n\n<li>Aprobando un curso de idioma en el CIO el o la estudiante podr\u00e1 revalidar la Unidad Curricular Obligatoria del idioma perteneciente al Ciclo de Graduaci\u00f3n de la Licenciatura.<\/li>\n<\/ul>\n","protected":false},"excerpt":{"rendered":"","protected":false},"author":1,"featured_media":0,"parent":0,"menu_order":0,"comment_status":"closed","ping_status":"closed","template":"","meta":{"footnotes":""},"class_list":["post-410","page","type-page","status-publish","hentry"],"_links":{"self":[{"href":"https:\/\/www.ciocyt.cure.edu.uy\/index.php?rest_route=\/wp\/v2\/pages\/410","targetHints":{"allow":["GET"]}}],"collection":[{"href":"https:\/\/www.ciocyt.cure.edu.uy\/index.php?rest_route=\/wp\/v2\/pages"}],"about":[{"href":"https:\/\/www.ciocyt.cure.edu.uy\/index.php?rest_route=\/wp\/v2\/types\/page"}],"author":[{"embeddable":true,"href":"https:\/\/www.ciocyt.cure.edu.uy\/index.php?rest_route=\/wp\/v2\/users\/1"}],"replies":[{"embeddable":true,"href":"https:\/\/www.ciocyt.cure.edu.uy\/index.php?rest_route=%2Fwp%2Fv2%2Fcomments&post=410"}],"version-history":[{"count":3,"href":"https:\/\/www.ciocyt.cure.edu.uy\/index.php?rest_route=\/wp\/v2\/pages\/410\/revisions"}],"predecessor-version":[{"id":448,"href":"https:\/\/www.ciocyt.cure.edu.uy\/index.php?rest_route=\/wp\/v2\/pages\/410\/revisions\/448"}],"wp:attachment":[{"href":"https:\/\/www.ciocyt.cure.edu.uy\/index.php?rest_route=%2Fwp%2Fv2%2Fmedia&parent=410"}],"curies":[{"name":"wp","href":"https:\/\/api.w.org\/{rel}","templated":true}]}}