{"id":377,"date":"2024-02-07T11:15:56","date_gmt":"2024-02-07T14:15:56","guid":{"rendered":"https:\/\/www.ciocyt.cure.edu.uy\/?page_id=377"},"modified":"2024-02-07T15:50:56","modified_gmt":"2024-02-07T18:50:56","slug":"comision-academica","status":"publish","type":"page","link":"https:\/\/www.ciocyt.cure.edu.uy\/?page_id=377","title":{"rendered":"Comisi\u00f3n Acad\u00e9mica"},"content":{"rendered":"\n<p>La Comisi\u00f3n Acad\u00e9mica del CIO C y T asesora sobre las posibles trayectorias curriculares, coordina con otras carreras y CIOs la oferta acad\u00e9mica, y brinda informaci\u00f3n sobre cr\u00e9ditos, rev\u00e1lidas y programas de las asignaturas o unidades curriculares. Tambi\u00e9n tiene a su cargo la gesti\u00f3n de los recursos financieros y cargos del CIO C y T. No realiza tr\u00e1mites administrativos tales como inscripciones, etc.<\/p>\n\n\n\n<p>La Comisi\u00f3n actual del CIO C y T del CURE est\u00e1 integrada por:<\/p>\n\n\n\n<ul class=\"wp-block-list\">\n<li>Dra. Leticia Chiglino (Geolog\u00eda)<\/li>\n\n\n\n<li>Dra. Soledad Marroni (Ecolog\u00eda y Gesti\u00f3n Ambiental)<\/li>\n\n\n\n<li>Dra. Mar\u00eda Eugenia P\u00e9rez (Qu\u00edmica),<strong> <\/strong>Coordinadora<\/li>\n\n\n\n<li>Dra. Andrea Sosa Oyarzabal (Ciencias F\u00edsicas)<\/li>\n\n\n\n<li>Mag. Daniela D\u00edaz (Psicolog\u00eda), Invitada permanente<\/li>\n<\/ul>\n\n\n\n<p>Secretaria: Lic. Melissa N\u00fa\u00f1ez<\/p>\n\n\n\n<p><\/p>\n","protected":false},"excerpt":{"rendered":"<p>La Comisi\u00f3n Acad\u00e9mica del CIO C y T asesora sobre las posibles trayectorias curriculares, coordina con otras carreras y CIOs la oferta acad\u00e9mica, y brinda informaci\u00f3n sobre cr\u00e9ditos, rev\u00e1lidas y programas de las asignaturas o unidades curriculares. Tambi\u00e9n tiene a su cargo la gesti\u00f3n de los recursos financieros y cargos del CIO C y T. [&hellip;]<\/p>\n","protected":false},"author":1,"featured_media":0,"parent":0,"menu_order":0,"comment_status":"closed","ping_status":"closed","template":"","meta":{"footnotes":""},"class_list":["post-377","page","type-page","status-publish","hentry"],"_links":{"self":[{"href":"https:\/\/www.ciocyt.cure.edu.uy\/index.php?rest_route=\/wp\/v2\/pages\/377","targetHints":{"allow":["GET"]}}],"collection":[{"href":"https:\/\/www.ciocyt.cure.edu.uy\/index.php?rest_route=\/wp\/v2\/pages"}],"about":[{"href":"https:\/\/www.ciocyt.cure.edu.uy\/index.php?rest_route=\/wp\/v2\/types\/page"}],"author":[{"embeddable":true,"href":"https:\/\/www.ciocyt.cure.edu.uy\/index.php?rest_route=\/wp\/v2\/users\/1"}],"replies":[{"embeddable":true,"href":"https:\/\/www.ciocyt.cure.edu.uy\/index.php?rest_route=%2Fwp%2Fv2%2Fcomments&post=377"}],"version-history":[{"count":5,"href":"https:\/\/www.ciocyt.cure.edu.uy\/index.php?rest_route=\/wp\/v2\/pages\/377\/revisions"}],"predecessor-version":[{"id":445,"href":"https:\/\/www.ciocyt.cure.edu.uy\/index.php?rest_route=\/wp\/v2\/pages\/377\/revisions\/445"}],"wp:attachment":[{"href":"https:\/\/www.ciocyt.cure.edu.uy\/index.php?rest_route=%2Fwp%2Fv2%2Fmedia&parent=377"}],"curies":[{"name":"wp","href":"https:\/\/api.w.org\/{rel}","templated":true}]}}