{"id":349,"date":"2024-02-07T10:07:00","date_gmt":"2024-02-07T13:07:00","guid":{"rendered":"https:\/\/www.ciocyt.cure.edu.uy\/?page_id=349"},"modified":"2026-02-06T16:53:27","modified_gmt":"2026-02-06T19:53:27","slug":"area-ciencia-y-tecnologia-2","status":"publish","type":"page","link":"https:\/\/www.ciocyt.cure.edu.uy\/?page_id=349","title":{"rendered":"Trayectoria Ciencia y Tecnolog\u00eda"},"content":{"rendered":"\n<p>Mediante esta opci\u00f3n &nbsp;el o la estudiante podr\u00e1 adquirir una formaci\u00f3n general y b\u00e1sica en el \u00e1rea de las ciencias naturales y exactas, mientras obtiene cr\u00e9ditos en cursos de grado dictados en el CURE reconocidos por otras carreras de la Udelar, tales como las dictadas en las Facultades de Ciencias, Qu\u00edmica, Ingenier\u00eda, o por carreras que se dictan en el CURE como la Licenciatura en Gesti\u00f3n Ambiental y el Tecn\u00f3logo en Telecomunicaciones (<a href=\"https:\/\/www.ciocyt.cure.edu.uy\/?page_id=387\" target=\"_blank\" rel=\"noreferrer noopener\">m\u00e1s informaci\u00f3n<\/a>).<\/p>\n\n\n\n<p><strong>Requisitos de ingreso<\/strong>: Bachillerato completo de Secundaria o UTU en cualquier orientaci\u00f3n, Liceo Militar o Policial, migrantes con estudios secundarios culminados. <\/p>\n\n\n\n<p><strong>Duraci\u00f3n<\/strong>: 1 a\u00f1o, 90 cr\u00e9ditos aproximados. <\/p>\n\n\n\n<p><strong>Sedes<\/strong>: Maldonado, Rocha y Treinta y Tres.<\/p>\n\n\n\n<p><strong>Inscripciones a carreras<\/strong>: del 4 al 24 de febrero de 2026. <a href=\"https:\/\/www.cure.edu.uy\/generacion-2026\/\" target=\"_blank\" rel=\"noreferrer noopener\">M\u00e1s informaci\u00f3n<\/a>.<\/p>\n\n\n\n<p><strong>Inscripciones a cursos<\/strong>: Deben estar inscriptos previamente en el CIO C y T (ver \u00abInscripciones a carreras\u00bb) para inscribirse a los cursos de acuerdo al <a href=\"https:\/\/www.cure.edu.uy\/gestion\/bedelia\/calendario-academico\/\" target=\"_blank\" rel=\"noreferrer noopener\">calendario acad\u00e9mico<\/a>. Las inscripciones a cursos se realizan por medio del <a href=\"https:\/\/bedelias.udelar.edu.uy\/views\/public\/desktop\/ingresoUdelar\/ingresoUdelar01.xhtml?cid=2\" target=\"_blank\" rel=\"noreferrer noopener\">SGAE<\/a> luego de haberse inscripto a la carrera.<\/p>\n\n\n\n<p><strong>Enlaces de inter\u00e9s<\/strong>:  <\/p>\n\n\n\n<ul class=\"wp-block-list\">\n<li><a href=\"https:\/\/www.cure.edu.uy\/gestion\/bedelia\/\">Departamento de Administraci\u00f3n de la Ense\u00f1anza (Bedel\u00eda)<\/a><\/li>\n\n\n\n<li><a href=\"https:\/\/www.cure.edu.uy\/ensenanza\/unidad-de-apoyo-a-la-ensenanza\/\">Unidad de Apoyo a la Ense\u00f1anza<\/a><\/li>\n<\/ul>\n\n\n\n<p><\/p>\n","protected":false},"excerpt":{"rendered":"<p>Mediante esta opci\u00f3n &nbsp;el o la estudiante podr\u00e1 adquirir una formaci\u00f3n general y b\u00e1sica en el \u00e1rea de las ciencias naturales y exactas, mientras obtiene cr\u00e9ditos en cursos de grado dictados en el CURE reconocidos por otras carreras de la Udelar, tales como las dictadas en las Facultades de Ciencias, Qu\u00edmica, Ingenier\u00eda, o por carreras [&hellip;]<\/p>\n","protected":false},"author":1,"featured_media":0,"parent":0,"menu_order":0,"comment_status":"closed","ping_status":"closed","template":"","meta":{"footnotes":""},"class_list":["post-349","page","type-page","status-publish","hentry"],"_links":{"self":[{"href":"https:\/\/www.ciocyt.cure.edu.uy\/index.php?rest_route=\/wp\/v2\/pages\/349","targetHints":{"allow":["GET"]}}],"collection":[{"href":"https:\/\/www.ciocyt.cure.edu.uy\/index.php?rest_route=\/wp\/v2\/pages"}],"about":[{"href":"https:\/\/www.ciocyt.cure.edu.uy\/index.php?rest_route=\/wp\/v2\/types\/page"}],"author":[{"embeddable":true,"href":"https:\/\/www.ciocyt.cure.edu.uy\/index.php?rest_route=\/wp\/v2\/users\/1"}],"replies":[{"embeddable":true,"href":"https:\/\/www.ciocyt.cure.edu.uy\/index.php?rest_route=%2Fwp%2Fv2%2Fcomments&post=349"}],"version-history":[{"count":34,"href":"https:\/\/www.ciocyt.cure.edu.uy\/index.php?rest_route=\/wp\/v2\/pages\/349\/revisions"}],"predecessor-version":[{"id":705,"href":"https:\/\/www.ciocyt.cure.edu.uy\/index.php?rest_route=\/wp\/v2\/pages\/349\/revisions\/705"}],"wp:attachment":[{"href":"https:\/\/www.ciocyt.cure.edu.uy\/index.php?rest_route=%2Fwp%2Fv2%2Fmedia&parent=349"}],"curies":[{"name":"wp","href":"https:\/\/api.w.org\/{rel}","templated":true}]}}