{"id":323,"date":"2023-09-27T10:49:39","date_gmt":"2023-09-27T13:49:39","guid":{"rendered":"https:\/\/www.ciocyt.cure.edu.uy\/?page_id=323"},"modified":"2026-02-06T16:57:50","modified_gmt":"2026-02-06T19:57:51","slug":"trayectoria-psicologia","status":"publish","type":"page","link":"https:\/\/www.ciocyt.cure.edu.uy\/?page_id=323","title":{"rendered":"Trayectoria Psicolog\u00eda"},"content":{"rendered":"\n<p>Mediante esta opci\u00f3n el o la estudiante podr\u00e1 cursar asignaturas de la Licenciatura en Psicolog\u00eda reconocidas por la Facultad de Psicolog\u00eda, la mayor\u00eda de ellas obligatorias.<\/p>\n\n\n\n<p>La Licenciatura en Psicolog\u00eda hace una&nbsp;rev\u00e1lida total&nbsp;del CIO C y T, y permite por lo tanto el&nbsp;ingreso directo al segundo a\u00f1o de la carrera, una vez aprobados 95 cr\u00e9ditos en asignaturas obligatorias y electivas. Con 80 cr\u00e9ditos aprobados el o la estudiante puede solicitar una rev\u00e1lida parcial de la carrera (<a href=\"https:\/\/www.ciocyt.cure.edu.uy\/?page_id=410\">m\u00e1s informaci\u00f3n<\/a>).<\/p>\n\n\n\n<p><strong>Requisitos de ingreso<\/strong>: Bachillerato completo de Secundaria o UTU en cualquier orientaci\u00f3n, Liceo Militar o Policial, migrantes con estudios secundarios culminados.<\/p>\n\n\n\n<p><strong>Duraci\u00f3n<\/strong>: 1 a\u00f1o, 95 cr\u00e9ditos. <\/p>\n\n\n\n<p><strong>Sedes<\/strong>: Maldonado, Rocha y Treinta y Tres.<\/p>\n\n\n\n<p><strong>Inscripciones a carreras<\/strong>: del 4 al 24 de febrero de 2026. <a href=\"https:\/\/www.cure.edu.uy\/generacion-2026\/\" target=\"_blank\" rel=\"noreferrer noopener\">M\u00e1s informaci\u00f3n<\/a>.<\/p>\n\n\n\n<p><strong>Inscripciones a cursos<\/strong>: Deben estar inscriptos previamente en el CIO C y T Trayectoria Psicolog\u00eda (ver \u00abInscripciones a carreras\u00bb) para inscribirse a los cursos. <br>Por m\u00e1s informaci\u00f3n sobre per\u00edodos de cursado anual acceder al <a href=\"https:\/\/www.cure.edu.uy\/gestion\/bedelia\/calendario-academico\/\" target=\"_blank\" rel=\"noreferrer noopener\">calendario acad\u00e9mico<\/a>. Las inscripciones a cursos se realizan por medio del <a href=\"https:\/\/bedelias.udelar.edu.uy\">SGAE<\/a>.<\/p>\n\n\n\n<p><strong><a href=\"https:\/\/www.ciocyt.cure.edu.uy\/?page_id=456\">Asignaturas (Unidades Curriculares)<\/a><\/strong><\/p>\n\n\n\n<p><strong>Enlaces de inter\u00e9s<\/strong>:  <\/p>\n\n\n\n<ul class=\"wp-block-list\">\n<li><a href=\"https:\/\/www.cure.edu.uy\/gestion\/bedelia\/\">Departamento de Administraci\u00f3n de la Ense\u00f1anza (Bedel\u00eda)<\/a><\/li>\n\n\n\n<li><a href=\"https:\/\/www.cure.edu.uy\/ensenanza\/unidad-de-apoyo-a-la-ensenanza\/\">Unidad de Apoyo a la Ense\u00f1anza<\/a><\/li>\n<\/ul>\n","protected":false},"excerpt":{"rendered":"<p>Mediante esta opci\u00f3n el o la estudiante podr\u00e1 cursar asignaturas de la Licenciatura en Psicolog\u00eda reconocidas por la Facultad de Psicolog\u00eda, la mayor\u00eda de ellas obligatorias. La Licenciatura en Psicolog\u00eda hace una&nbsp;rev\u00e1lida total&nbsp;del CIO C y T, y permite por lo tanto el&nbsp;ingreso directo al segundo a\u00f1o de la carrera, una vez aprobados 95 cr\u00e9ditos [&hellip;]<\/p>\n","protected":false},"author":1,"featured_media":0,"parent":0,"menu_order":0,"comment_status":"closed","ping_status":"closed","template":"","meta":{"footnotes":""},"class_list":["post-323","page","type-page","status-publish","hentry"],"_links":{"self":[{"href":"https:\/\/www.ciocyt.cure.edu.uy\/index.php?rest_route=\/wp\/v2\/pages\/323","targetHints":{"allow":["GET"]}}],"collection":[{"href":"https:\/\/www.ciocyt.cure.edu.uy\/index.php?rest_route=\/wp\/v2\/pages"}],"about":[{"href":"https:\/\/www.ciocyt.cure.edu.uy\/index.php?rest_route=\/wp\/v2\/types\/page"}],"author":[{"embeddable":true,"href":"https:\/\/www.ciocyt.cure.edu.uy\/index.php?rest_route=\/wp\/v2\/users\/1"}],"replies":[{"embeddable":true,"href":"https:\/\/www.ciocyt.cure.edu.uy\/index.php?rest_route=%2Fwp%2Fv2%2Fcomments&post=323"}],"version-history":[{"count":22,"href":"https:\/\/www.ciocyt.cure.edu.uy\/index.php?rest_route=\/wp\/v2\/pages\/323\/revisions"}],"predecessor-version":[{"id":708,"href":"https:\/\/www.ciocyt.cure.edu.uy\/index.php?rest_route=\/wp\/v2\/pages\/323\/revisions\/708"}],"wp:attachment":[{"href":"https:\/\/www.ciocyt.cure.edu.uy\/index.php?rest_route=%2Fwp%2Fv2%2Fmedia&parent=323"}],"curies":[{"name":"wp","href":"https:\/\/api.w.org\/{rel}","templated":true}]}}