{"id":321,"date":"2023-09-27T10:48:08","date_gmt":"2023-09-27T13:48:08","guid":{"rendered":"https:\/\/www.ciocyt.cure.edu.uy\/?page_id=321"},"modified":"2025-01-31T12:11:26","modified_gmt":"2025-01-31T15:11:26","slug":"area-ciencia-y-tecnologia","status":"publish","type":"page","link":"https:\/\/www.ciocyt.cure.edu.uy\/","title":{"rendered":"Sobre los Ciclos Iniciales Optativos: CIO"},"content":{"rendered":"\n<p class=\"has-text-align-left\">Los Ciclos Iniciales Optativos (CIO) son una forma alternativa de ingreso a la Universidad de la Rep\u00fablica, complementaria del tradicional ingreso por carreras. Tienen por finalidad brindar una formaci\u00f3n general de nivel universitario y facilitar el acceso a varias carreras de la Universidad de la Rep\u00fablica.<\/p>\n\n\n\n<p class=\"has-text-align-left\">Los o las estudiantes que aprueben un total aproximado de 90 cr\u00e9ditos (dependiendo de la trayectoria elegida) en cursos del CIO se consideran egresados\/as<strong>&nbsp;<\/strong>del mismo y podr\u00e1n luego inscribirse en cualquier carrera de la Udelar, independientemente del bachillerato realizado.<\/p>\n\n\n\n<p class=\"has-text-align-left\">De acuerdo a la nueva ordenanza de grado, aquellos estudiantes que hayan aprobado 80 cr\u00e9ditos podr\u00e1n optar por cualquiera de las carreras universitarias que hacen una rev\u00e1lida parcial del CIO C y T, independientemente del bachillerato realizado.<\/p>\n\n\n\n<p><strong>Ciclo Inicial Optativo Ciencia y Tecnolog\u00eda<\/strong><\/p>\n\n\n\n<p class=\"has-text-align-left\">Dentro del CIO Ciencia y Tecnolog\u00eda (CIO C y T) del Centro Universitario Regional del Este (CURE) existen dos orientaciones por las cuales el estudiante podr\u00e1 optar: <\/p>\n\n\n\n<p><strong><a href=\"https:\/\/www.ciocyt.cure.edu.uy\/?page_id=349\">\u00c1rea Ciencia y Tecnolog\u00eda<\/a><\/strong><\/p>\n\n\n\n<p><a href=\"https:\/\/www.ciocyt.cure.edu.uy\/?page_id=323\"><strong>Trayectoria Psicolog\u00eda<\/strong>.<\/a><\/p>\n","protected":false},"excerpt":{"rendered":"<p>Los Ciclos Iniciales Optativos (CIO) son una forma alternativa de ingreso a la Universidad de la Rep\u00fablica, complementaria del tradicional ingreso por carreras. Tienen por finalidad brindar una formaci\u00f3n general de nivel universitario y facilitar el acceso a varias carreras de la Universidad de la Rep\u00fablica. Los o las estudiantes que aprueben un total aproximado [&hellip;]<\/p>\n","protected":false},"author":1,"featured_media":0,"parent":0,"menu_order":0,"comment_status":"closed","ping_status":"closed","template":"","meta":{"footnotes":""},"class_list":["post-321","page","type-page","status-publish","hentry"],"_links":{"self":[{"href":"https:\/\/www.ciocyt.cure.edu.uy\/index.php?rest_route=\/wp\/v2\/pages\/321","targetHints":{"allow":["GET"]}}],"collection":[{"href":"https:\/\/www.ciocyt.cure.edu.uy\/index.php?rest_route=\/wp\/v2\/pages"}],"about":[{"href":"https:\/\/www.ciocyt.cure.edu.uy\/index.php?rest_route=\/wp\/v2\/types\/page"}],"author":[{"embeddable":true,"href":"https:\/\/www.ciocyt.cure.edu.uy\/index.php?rest_route=\/wp\/v2\/users\/1"}],"replies":[{"embeddable":true,"href":"https:\/\/www.ciocyt.cure.edu.uy\/index.php?rest_route=%2Fwp%2Fv2%2Fcomments&post=321"}],"version-history":[{"count":13,"href":"https:\/\/www.ciocyt.cure.edu.uy\/index.php?rest_route=\/wp\/v2\/pages\/321\/revisions"}],"predecessor-version":[{"id":635,"href":"https:\/\/www.ciocyt.cure.edu.uy\/index.php?rest_route=\/wp\/v2\/pages\/321\/revisions\/635"}],"wp:attachment":[{"href":"https:\/\/www.ciocyt.cure.edu.uy\/index.php?rest_route=%2Fwp%2Fv2%2Fmedia&parent=321"}],"curies":[{"name":"wp","href":"https:\/\/api.w.org\/{rel}","templated":true}]}}