{"id":300,"date":"2023-07-19T10:42:01","date_gmt":"2023-07-19T13:42:01","guid":{"rendered":"https:\/\/www.ciocyt.cure.edu.uy\/?page_id=300"},"modified":"2025-12-19T12:58:48","modified_gmt":"2025-12-19T15:58:48","slug":"calendario-de-cursos-y-examenes","status":"publish","type":"page","link":"https:\/\/www.ciocyt.cure.edu.uy\/?page_id=300","title":{"rendered":"Calendario de Cursos y Ex\u00e1menes"},"content":{"rendered":"\n<h3 class=\"wp-block-heading\">Inscripciones<\/h3>\n\n\n\n<p>Para inscribirse a cursos y ex\u00e1menes es necesario que cada estudiante ingrese con su usuario y contrase\u00f1a Udelar en el Sistema de Gesti\u00f3n Administrativa de la Ense\u00f1anza (SGAE), y seleccione los cursos\/ex\u00e1menes de su inter\u00e9s dentro del plazo correspondiente a cada per\u00edodo.<\/p>\n\n\n\n<p><strong>Acceder a SGAE: <a href=\"https:\/\/bedelias.udelar.edu.uy\/\" target=\"_blank\" rel=\"noreferrer noopener\">https:\/\/bedelias.udelar.edu.uy\/<\/a><\/strong><\/p>\n\n\n\n<h2 class=\"wp-block-heading\"><a href=\"http:\/\/www.ciocyt.cure.edu.uy\/wp-content\/uploads\/2025\/12\/39-301413-000013-25-Calendario-Academico-2026.pdf\">Calendario Acad\u00e9mico 2026<\/a><\/h2>\n\n\n\n<h3 class=\"wp-block-heading\"><a href=\"http:\/\/www.ciocyt.cure.edu.uy\/wp-content\/uploads\/2025\/12\/Cursos-propios-del-CIO-CyT.pdf\">Cursos propios del CIO CyT<\/a><\/h3>\n\n\n\n<h3 class=\"wp-block-heading\">Asignaturas &#8211; Segundo Semestre 2025:<\/h3>\n\n\n\n<h4 class=\"wp-block-heading\"><a href=\"http:\/\/www.ciocyt.cure.edu.uy\/wp-content\/uploads\/2025\/08\/Calendario-cursos-2do-semestre-2025-CIO-CyT_4ago2025.pdf\">\u00c1rea cient\u00edfico tecnol\u00f3gica<\/a><\/h4>\n\n\n\n<h4 class=\"wp-block-heading\"><a href=\"http:\/\/www.ciocyt.cure.edu.uy\/wp-content\/uploads\/2025\/07\/Calendario-TrayPsico-Segundo-Semestre-2025.pdf\">Trayectoria Psicolog\u00eda<\/a><\/h4>\n\n\n\n<h3 class=\"wp-block-heading\">Asignaturas &#8211; Primer Semestre 2025:<\/h3>\n\n\n\n<h4 class=\"wp-block-heading\"><strong><a href=\"https:\/\/docs.google.com\/spreadsheets\/d\/1wCNXi_23ihk0UyE2FmZAad4AG2kqPhwm\/edit?usp=sharing&amp;ouid=105627839114920302123&amp;rtpof=true&amp;sd=true\">\u00c1rea cient\u00edfico tecnol\u00f3gica<\/a><\/strong><\/h4>\n\n\n\n<h4 class=\"wp-block-heading\"><a href=\"https:\/\/docs.google.com\/spreadsheets\/d\/1QBZFAbvDzv1mINK7L95HXNffh7dGw5JC\/edit?usp=sharing&amp;ouid=105627839114920302123&amp;rtpof=true&amp;sd=true\">Trayectoria Psicolog\u00eda<\/a><\/h4>\n\n\n\n<p><\/p>\n","protected":false},"excerpt":{"rendered":"<p>Inscripciones Para inscribirse a cursos y ex\u00e1menes es necesario que cada estudiante ingrese con su usuario y contrase\u00f1a Udelar en el Sistema de Gesti\u00f3n Administrativa de la Ense\u00f1anza (SGAE), y seleccione los cursos\/ex\u00e1menes de su inter\u00e9s dentro del plazo correspondiente a cada per\u00edodo. Acceder a SGAE: https:\/\/bedelias.udelar.edu.uy\/ Calendario Acad\u00e9mico 2026 Cursos propios del CIO CyT [&hellip;]<\/p>\n","protected":false},"author":1,"featured_media":0,"parent":0,"menu_order":0,"comment_status":"closed","ping_status":"closed","template":"","meta":{"footnotes":""},"class_list":["post-300","page","type-page","status-publish","hentry"],"_links":{"self":[{"href":"https:\/\/www.ciocyt.cure.edu.uy\/index.php?rest_route=\/wp\/v2\/pages\/300","targetHints":{"allow":["GET"]}}],"collection":[{"href":"https:\/\/www.ciocyt.cure.edu.uy\/index.php?rest_route=\/wp\/v2\/pages"}],"about":[{"href":"https:\/\/www.ciocyt.cure.edu.uy\/index.php?rest_route=\/wp\/v2\/types\/page"}],"author":[{"embeddable":true,"href":"https:\/\/www.ciocyt.cure.edu.uy\/index.php?rest_route=\/wp\/v2\/users\/1"}],"replies":[{"embeddable":true,"href":"https:\/\/www.ciocyt.cure.edu.uy\/index.php?rest_route=%2Fwp%2Fv2%2Fcomments&post=300"}],"version-history":[{"count":30,"href":"https:\/\/www.ciocyt.cure.edu.uy\/index.php?rest_route=\/wp\/v2\/pages\/300\/revisions"}],"predecessor-version":[{"id":701,"href":"https:\/\/www.ciocyt.cure.edu.uy\/index.php?rest_route=\/wp\/v2\/pages\/300\/revisions\/701"}],"wp:attachment":[{"href":"https:\/\/www.ciocyt.cure.edu.uy\/index.php?rest_route=%2Fwp%2Fv2%2Fmedia&parent=300"}],"curies":[{"name":"wp","href":"https:\/\/api.w.org\/{rel}","templated":true}]}}